{"id":667,"date":"2026-01-22T11:14:22","date_gmt":"2026-01-22T11:14:22","guid":{"rendered":"https:\/\/voll-stark.de\/?page_id=667"},"modified":"2026-01-22T13:30:29","modified_gmt":"2026-01-22T13:30:29","slug":"agb-2","status":"publish","type":"page","link":"https:\/\/voll-stark.de\/index.php\/agb-2\/","title":{"rendered":"AGB"},"content":{"rendered":"\t\t<div data-elementor-type=\"wp-page\" data-elementor-id=\"667\" class=\"elementor elementor-667\">\n\t\t\t\t<div class=\"elementor-element elementor-element-c1e2b1b e-flex e-con-boxed e-con e-parent\" data-id=\"c1e2b1b\" data-element_type=\"container\">\n\t\t\t\t\t<div class=\"e-con-inner\">\n\t\t<div class=\"elementor-element elementor-element-b739ee0 e-con-full e-flex e-con e-child\" data-id=\"b739ee0\" data-element_type=\"container\">\n\t\t\t\t<div class=\"elementor-element elementor-element-7672e3d elementor-widget elementor-widget-heading\" data-id=\"7672e3d\" data-element_type=\"widget\" id=\"agb\" data-widget_type=\"heading.default\">\n\t\t\t\t\t<h2 class=\"elementor-heading-title elementor-size-default\"><a href=\"#agb\">Allgemeine Gesch\u00e4ftsbedingungen (AGB)<\/a><\/h2>\t\t\t\t<\/div>\n\t\t\t\t<\/div>\n\t\t\t\t\t<\/div>\n\t\t\t\t<\/div>\n\t\t<div class=\"elementor-element elementor-element-fd340c2 e-flex e-con-boxed e-con e-parent\" data-id=\"fd340c2\" data-element_type=\"container\">\n\t\t\t\t\t<div class=\"e-con-inner\">\n\t\t\t\t<div class=\"elementor-element elementor-element-9ae5a3a elementor-widget__width-initial elementor-widget elementor-widget-text-editor\" data-id=\"9ae5a3a\" data-element_type=\"widget\" data-widget_type=\"text-editor.default\">\n\t\t\t\t\t\t\t\t\t<p>Allgemeine Gesch\u00e4ftsbedingungen (AGB)<br \/>Voll Stark! Mit Julia Becker<br \/>Julia Becker<br \/>Krokusstra\u00dfe 15<br \/>75365 Calw<br \/>E-Mail: juliabecker@voll-stark.de<br \/>Web: www.voll-stark.de<\/p>\t\t\t\t\t\t\t\t<\/div>\n\t\t\t\t\t<\/div>\n\t\t\t\t<\/div>\n\t\t<div class=\"elementor-element elementor-element-efb3f35 e-flex e-con-boxed e-con e-parent\" data-id=\"efb3f35\" data-element_type=\"container\">\n\t\t\t\t\t<div class=\"e-con-inner\">\n\t\t\t\t<div class=\"elementor-element elementor-element-9cfec48 elementor-widget__width-initial elementor-widget elementor-widget-text-editor\" data-id=\"9cfec48\" data-element_type=\"widget\" data-widget_type=\"text-editor.default\">\n\t\t\t\t\t\t\t\t\t<ol>\n<li style=\"list-style-type: none;\">\n<ol><\/ol>\n<\/li>\n<\/ol>\n<ol>\n<li style=\"list-style-type: none;\">\n<ol>\n<li>Geltungsbereich<br>Diese AGB gelten f\u00fcr alle Selbstbehauptungskurse f\u00fcr Kinder im Alter von 5\u201310 Jahren, die von Voll Stark! Mit Julia Becker angeboten werden.<\/li>\n<li>Anmeldung<br>Die Anmeldung erfolgt ausschlie\u00dflich \u00fcber das bereitgestellte Online-Formular. Mit dem Absenden des Formulars wird ein verbindlicher Vertrag \u00fcber die Teilnahme am Kurs geschlossen.<\/li>\n<li>Teilnahmevoraussetzungen<br>Teilnehmen k\u00f6nnen Kinder im Alter von 5 bis 10 Jahren. Die Erziehungsberechtigten versichern mit der Anmeldung, dass das Kind gesundheitlich in der Lage ist, am Kurs teilzunehmen.<\/li>\n<li>Kursgeb\u00fchren und Zahlungsmodalit\u00e4ten<br>Die Kursgeb\u00fchr ist im Voraus per \u00dcberweisung zu entrichten. Die Zahlung ist sofort nach Erhalt der Anmeldebest\u00e4tigung f\u00e4llig. Erst nach Zahlungseingang ist der Platz verbindlich reserviert.<\/li>\n<li>R\u00fccktritt und Stornierung<br>Ein R\u00fccktritt vom Kurs ist bis sp\u00e4testens drei Tage vor Kursbeginn kostenfrei m\u00f6glich. Erfolgt der R\u00fccktritt weniger als drei Tage vor dem Kurstermin, werden 50\u202f% der Kursgeb\u00fchr f\u00e4llig. Bei Nichterscheinen ohne vorherige Abmeldung erfolgt keine R\u00fcckerstattung der Kursgeb\u00fchr.<\/li>\n<li>Ausfall und Krankheit<br>F\u00e4llt der Kurs aufgrund von Krankheit der Kursleitung aus, wird ein Ersatztermin angeboten. Sollte dieser nicht wahrgenommen werden k\u00f6nnen, kann kostenlos storniert werden.<br>Im Krankheitsfall des Kindes wird bei Vorlage eines \u00e4rztlichen Attests und soweit organisatorisch m\u00f6glich, kulanzhalber ein Ersatztermin angeboten. Ein Anspruch hierauf besteht nicht.<\/li>\n<li>Absage bei zu geringer Teilnehmerzahl<br>Die Mindestteilnehmerzahl betr\u00e4gt 4 Kinder. Wird diese Zahl nicht erreicht, beh\u00e4lt sich die Kursleitung vor, den Kurs abzusagen. Bereits gezahlte Geb\u00fchren werden in diesem Fall vollst\u00e4ndig erstattet.<\/li>\n<li>Foto- und Videoaufnahmen<br>W\u00e4hrend des Kurses werden keine Fotos oder Videos gemacht, es sei denn, die Erziehungsberechtigten haben im Vorfeld ausdr\u00fccklich und schriftlich zugestimmt.<\/li>\n<li>Durchf\u00fchrung<br>Der Ablauf des Kurses ergibt sich aus der jeweils individuell \u00fcbermittelten Durchf\u00fchrungsvereinbarung.<\/li>\n<li>Haftung<br>Die Kursleitung haftet im Rahmen der gesetzlichen Vorschriften. Eine Haftung f\u00fcr mitgebrachte Gegenst\u00e4nde wird ausgeschlossen.<\/li><\/ol><\/li><\/ol>\n<p><\/p>\t\t\t\t\t\t\t\t<\/div>\n\t\t\t\t\t<\/div>\n\t\t\t\t<\/div>\n\t\t<div class=\"elementor-element elementor-element-a20a051 e-flex e-con-boxed e-con e-parent\" data-id=\"a20a051\" data-element_type=\"container\">\n\t\t\t\t\t<div class=\"e-con-inner\">\n\t\t\t\t<div class=\"elementor-element elementor-element-93079b6 elementor-align-center elementor-widget elementor-widget-button\" data-id=\"93079b6\" data-element_type=\"widget\" data-widget_type=\"button.default\">\n\t\t\t\t\t\t\t\t\t\t<a class=\"elementor-button elementor-button-link elementor-size-sm\" href=\"https:\/\/voll-stark.de\/\" id=\"Startseite\">\n\t\t\t\t\t\t<span class=\"elementor-button-content-wrapper\">\n\t\t\t\t\t\t<span class=\"elementor-button-icon\">\n\t\t\t\t<svg aria-hidden=\"true\" class=\"e-font-icon-svg e-far-arrow-alt-circle-left\" viewBox=\"0 0 512 512\" xmlns=\"http:\/\/www.w3.org\/2000\/svg\"><path d=\"M8 256c0 137 111 248 248 248s248-111 248-248S393 8 256 8 8 119 8 256zm448 0c0 110.5-89.5 200-200 200S56 366.5 56 256 145.5 56 256 56s200 89.5 200 200zm-72-20v40c0 6.6-5.4 12-12 12H256v67c0 10.7-12.9 16-20.5 8.5l-99-99c-4.7-4.7-4.7-12.3 0-17l99-99c7.6-7.6 20.5-2.2 20.5 8.5v67h116c6.6 0 12 5.4 12 12z\"><\/path><\/svg>\t\t\t<\/span>\n\t\t\t\t\t\t\t\t\t<span class=\"elementor-button-text\">Zur\u00fcck<\/span>\n\t\t\t\t\t<\/span>\n\t\t\t\t\t<\/a>\n\t\t\t\t\t\t\t\t<\/div>\n\t\t\t\t\t<\/div>\n\t\t\t\t<\/div>\n\t\t\t\t<\/div>\n\t\t","protected":false},"excerpt":{"rendered":"<p>Allgemeine Gesch\u00e4ftsbedingungen (AGB) Allgemeine Gesch\u00e4ftsbedingungen (AGB)Voll Stark! Mit Julia BeckerJulia BeckerKrokusstra\u00dfe 1575365 CalwE-Mail: juliabecker@voll-stark.deWeb: www.voll-stark.de<\/p>\n","protected":false},"author":1,"featured_media":0,"parent":0,"menu_order":0,"comment_status":"closed","ping_status":"closed","template":"","meta":{"om_disable_all_campaigns":false,"_monsterinsights_skip_tracking":false,"_monsterinsights_sitenote_active":false,"_monsterinsights_sitenote_note":"","_monsterinsights_sitenote_category":0,"site-sidebar-layout":"no-sidebar","site-content-layout":"","ast-site-content-layout":"full-width-container","site-content-style":"default","site-sidebar-style":"default","ast-global-header-display":"","ast-banner-title-visibility":"","ast-main-header-display":"","ast-hfb-above-header-display":"","ast-hfb-below-header-display":"","ast-hfb-mobile-header-display":"","site-post-title":"disabled","ast-breadcrumbs-content":"","ast-featured-img":"disabled","footer-sml-layout":"","ast-disable-related-posts":"","theme-transparent-header-meta":"","adv-header-id-meta":"","stick-header-meta":"","header-above-stick-meta":"","header-main-stick-meta":"","header-below-stick-meta":"","astra-migrate-meta-layouts":"default","ast-page-background-enabled":"default","ast-page-background-meta":{"desktop":{"background-color":"var(--ast-global-color-5)","background-image":"","background-repeat":"repeat","background-position":"center center","background-size":"auto","background-attachment":"scroll","background-type":"","background-media":"","overlay-type":"","overlay-color":"","overlay-opacity":"","overlay-gradient":""},"tablet":{"background-color":"","background-image":"","background-repeat":"repeat","background-position":"center center","background-size":"auto","background-attachment":"scroll","background-type":"","background-media":"","overlay-type":"","overlay-color":"","overlay-opacity":"","overlay-gradient":""},"mobile":{"background-color":"","background-image":"","background-repeat":"repeat","background-position":"center center","background-size":"auto","background-attachment":"scroll","background-type":"","background-media":"","overlay-type":"","overlay-color":"","overlay-opacity":"","overlay-gradient":""}},"ast-content-background-meta":{"desktop":{"background-color":"var(--ast-global-color-4)","background-image":"","background-repeat":"repeat","background-position":"center center","background-size":"auto","background-attachment":"scroll","background-type":"","background-media":"","overlay-type":"","overlay-color":"","overlay-opacity":"","overlay-gradient":""},"tablet":{"background-color":"var(--ast-global-color-4)","background-image":"","background-repeat":"repeat","background-position":"center center","background-size":"auto","background-attachment":"scroll","background-type":"","background-media":"","overlay-type":"","overlay-color":"","overlay-opacity":"","overlay-gradient":""},"mobile":{"background-color":"var(--ast-global-color-4)","background-image":"","background-repeat":"repeat","background-position":"center center","background-size":"auto","background-attachment":"scroll","background-type":"","background-media":"","overlay-type":"","overlay-color":"","overlay-opacity":"","overlay-gradient":""}},"footnotes":""},"class_list":["post-667","page","type-page","status-publish","hentry"],"jetpack_sharing_enabled":true,"_links":{"self":[{"href":"https:\/\/voll-stark.de\/index.php\/wp-json\/wp\/v2\/pages\/667","targetHints":{"allow":["GET"]}}],"collection":[{"href":"https:\/\/voll-stark.de\/index.php\/wp-json\/wp\/v2\/pages"}],"about":[{"href":"https:\/\/voll-stark.de\/index.php\/wp-json\/wp\/v2\/types\/page"}],"author":[{"embeddable":true,"href":"https:\/\/voll-stark.de\/index.php\/wp-json\/wp\/v2\/users\/1"}],"replies":[{"embeddable":true,"href":"https:\/\/voll-stark.de\/index.php\/wp-json\/wp\/v2\/comments?post=667"}],"version-history":[{"count":34,"href":"https:\/\/voll-stark.de\/index.php\/wp-json\/wp\/v2\/pages\/667\/revisions"}],"predecessor-version":[{"id":802,"href":"https:\/\/voll-stark.de\/index.php\/wp-json\/wp\/v2\/pages\/667\/revisions\/802"}],"wp:attachment":[{"href":"https:\/\/voll-stark.de\/index.php\/wp-json\/wp\/v2\/media?parent=667"}],"curies":[{"name":"wp","href":"https:\/\/api.w.org\/{rel}","templated":true}]}}